{"id":147,"date":"2024-02-28T13:52:05","date_gmt":"2024-02-28T13:52:05","guid":{"rendered":"https:\/\/vigorous-shockley.82-223-37-80.plesk.page\/?page_id=147"},"modified":"2026-02-12T15:15:32","modified_gmt":"2026-02-12T15:15:32","slug":"tamborrada","status":"publish","type":"page","link":"https:\/\/kanoyetan.es\/eu\/tamborrada\/","title":{"rendered":"Tamborrada"},"content":{"rendered":"\t\t<div data-elementor-type=\"wp-page\" data-elementor-id=\"147\" class=\"elementor elementor-147\" data-elementor-post-type=\"page\">\n\t\t\t\t<div class=\"elementor-element elementor-element-bf9ba85 e-flex e-con-boxed e-con e-parent\" data-id=\"bf9ba85\" data-element_type=\"container\" data-e-type=\"container\" data-settings=\"{&quot;background_background&quot;:&quot;slideshow&quot;,&quot;background_slideshow_gallery&quot;:[{&quot;id&quot;:1011,&quot;url&quot;:&quot;https:\\\/\\\/kanoyetan.es\\\/wp-content\\\/uploads\\\/2024\\\/07\\\/31agosto2.jpg&quot;}],&quot;background_slideshow_loop&quot;:&quot;yes&quot;,&quot;background_slideshow_slide_duration&quot;:5000,&quot;background_slideshow_slide_transition&quot;:&quot;fade&quot;,&quot;background_slideshow_transition_duration&quot;:500}\">\n\t\t\t\t\t<div class=\"e-con-inner\">\n\t\t\t\t<div class=\"elementor-element elementor-element-f36a8a3 elementor-widget elementor-widget-heading\" data-id=\"f36a8a3\" data-element_type=\"widget\" data-e-type=\"widget\" data-widget_type=\"heading.default\">\n\t\t\t\t<div class=\"elementor-widget-container\">\n\t\t\t\t\t<h2 class=\"elementor-heading-title elementor-size-default\">TAMBORRADA\n<\/h2>\t\t\t\t<\/div>\n\t\t\t\t<\/div>\n\t\t\t\t\t<\/div>\n\t\t\t\t<\/div>\n\t\t<div class=\"elementor-element elementor-element-846e440 e-flex e-con-boxed e-con e-parent\" data-id=\"846e440\" data-element_type=\"container\" data-e-type=\"container\">\n\t\t\t\t\t<div class=\"e-con-inner\">\n\t\t<div class=\"elementor-element elementor-element-2fd91be e-con-full e-flex e-con e-child\" data-id=\"2fd91be\" data-element_type=\"container\" data-e-type=\"container\">\n\t\t\t\t<div class=\"elementor-element elementor-element-a9c9de1 elementor-widget elementor-widget-text-editor\" data-id=\"a9c9de1\" data-element_type=\"widget\" data-e-type=\"widget\" data-widget_type=\"text-editor.default\">\n\t\t\t\t<div class=\"elementor-widget-container\">\n\t\t\t\t\t\t\t\t\t<p>En 1911 la Sociedad Ka\u00f1oyetan se incorpor\u00f3 al estruendo ratapl\u00e1n de nuestra Fiesta Mayor. Organizada conjuntamente por las sociedades Uni\u00f3n Artesana, Euskal Billera y Leku Zarra.<\/p><p><strong>La Tamborrada de Ka\u00f1oyetan<\/strong> nace en enero de <strong>1992<\/strong>. Tiene 2 salidas oficiales el <strong>20 de enero<\/strong> y el <strong>31 de Agosto<\/strong>. Desde su inicio cuenta con un cuerpo de fusileros y con guerrilleras desde 2010. <strong>En Enero de 2014 incluy\u00f3 mujeres tocando herradas en sus filas.<\/strong> Hecho que sirvi\u00f3 de portada de la Revista VISA de Jap\u00f3n.<\/p>\t\t\t\t\t\t\t\t<\/div>\n\t\t\t\t<\/div>\n\t\t\t\t<div class=\"elementor-element elementor-element-4c667e0 elementor-widget elementor-widget-text-editor\" data-id=\"4c667e0\" data-element_type=\"widget\" data-e-type=\"widget\" data-widget_type=\"text-editor.default\">\n\t\t\t\t<div class=\"elementor-widget-container\">\n\t\t\t\t\t\t\t\t\t<p>Recorrido:<\/p>\t\t\t\t\t\t\t\t<\/div>\n\t\t\t\t<\/div>\n\t\t\t\t<div class=\"elementor-element elementor-element-f500795 elementor-widget elementor-widget-image\" data-id=\"f500795\" data-element_type=\"widget\" data-e-type=\"widget\" data-widget_type=\"image.default\">\n\t\t\t\t<div class=\"elementor-widget-container\">\n\t\t\t\t\t\t\t\t\t\t\t\t\t\t\t<img fetchpriority=\"high\" decoding=\"async\" width=\"800\" height=\"584\" src=\"https:\/\/kanoyetan.es\/wp-content\/uploads\/2024\/06\/Recorrido-1024x748.jpg\" class=\"attachment-large size-large wp-image-609\" alt=\"\" srcset=\"https:\/\/kanoyetan.es\/wp-content\/uploads\/2024\/06\/Recorrido-1024x748.jpg 1024w, https:\/\/kanoyetan.es\/wp-content\/uploads\/2024\/06\/Recorrido-300x219.jpg 300w, https:\/\/kanoyetan.es\/wp-content\/uploads\/2024\/06\/Recorrido-768x561.jpg 768w, https:\/\/kanoyetan.es\/wp-content\/uploads\/2024\/06\/Recorrido.jpg 1274w\" sizes=\"(max-width: 800px) 100vw, 800px\" \/>\t\t\t\t\t\t\t\t\t\t\t\t\t\t\t<\/div>\n\t\t\t\t<\/div>\n\t\t\t\t<\/div>\n\t\t<div class=\"elementor-element elementor-element-56c997b e-con-full e-flex e-con e-child\" data-id=\"56c997b\" data-element_type=\"container\" data-e-type=\"container\">\n\t\t\t\t<div class=\"elementor-element elementor-element-4b84037 elementor-widget elementor-widget-image\" data-id=\"4b84037\" data-element_type=\"widget\" data-e-type=\"widget\" data-widget_type=\"image.default\">\n\t\t\t\t<div class=\"elementor-widget-container\">\n\t\t\t\t\t\t\t\t\t\t\t\t\t\t\t<img decoding=\"async\" width=\"300\" height=\"522\" src=\"https:\/\/kanoyetan.es\/wp-content\/uploads\/2024\/06\/Uniforme.jpg\" class=\"attachment-large size-large wp-image-610\" alt=\"\" srcset=\"https:\/\/kanoyetan.es\/wp-content\/uploads\/2024\/06\/Uniforme.jpg 300w, https:\/\/kanoyetan.es\/wp-content\/uploads\/2024\/06\/Uniforme-172x300.jpg 172w\" sizes=\"(max-width: 300px) 100vw, 300px\" \/>\t\t\t\t\t\t\t\t\t\t\t\t\t\t\t<\/div>\n\t\t\t\t<\/div>\n\t\t\t\t<div class=\"elementor-element elementor-element-1c3355a elementor-widget elementor-widget-heading\" data-id=\"1c3355a\" data-element_type=\"widget\" data-e-type=\"widget\" data-widget_type=\"heading.default\">\n\t\t\t\t<div class=\"elementor-widget-container\">\n\t\t\t\t\t<h2 class=\"elementor-heading-title elementor-size-default\">Fusileros: Uniforme de la Joven Guardia de Artiller\u00eda Imperial <br>Tambores : Uniforme de Tambor de Granaderos de la Guardia Imperial<\/h2>\t\t\t\t<\/div>\n\t\t\t\t<\/div>\n\t\t\t\t<\/div>\n\t\t\t\t\t<\/div>\n\t\t\t\t<\/div>\n\t\t<div class=\"elementor-element elementor-element-435d6a7 e-con-full e-flex e-con e-parent\" data-id=\"435d6a7\" data-element_type=\"container\" data-e-type=\"container\" data-settings=\"{&quot;background_background&quot;:&quot;classic&quot;}\">\n\t\t<div class=\"elementor-element elementor-element-67a340c e-con-full e-flex elementor-invisible e-con e-child\" data-id=\"67a340c\" data-element_type=\"container\" data-e-type=\"container\" data-settings=\"{&quot;animation&quot;:&quot;fadeInLeft&quot;}\">\n\t\t\t\t<div class=\"elementor-element elementor-element-3dc22e1 elementor-widget elementor-widget-image\" data-id=\"3dc22e1\" data-element_type=\"widget\" data-e-type=\"widget\" data-widget_type=\"image.default\">\n\t\t\t\t<div class=\"elementor-widget-container\">\n\t\t\t\t\t\t\t\t\t\t\t\t\t\t\t\t<a href=\"https:\/\/kanoyetan.es\/wp-content\/uploads\/2024\/12\/KANOYETAN-AHOTSAK-PARTITURA.pdf\">\n\t\t\t\t\t\t\t<img decoding=\"async\" width=\"800\" height=\"777\" src=\"https:\/\/kanoyetan.es\/wp-content\/uploads\/2024\/12\/Partitura-kanoyetan-1024x994.png\" class=\"attachment-large size-large wp-image-1992\" alt=\"\" srcset=\"https:\/\/kanoyetan.es\/wp-content\/uploads\/2024\/12\/Partitura-kanoyetan-1024x994.png 1024w, https:\/\/kanoyetan.es\/wp-content\/uploads\/2024\/12\/Partitura-kanoyetan-300x291.png 300w, https:\/\/kanoyetan.es\/wp-content\/uploads\/2024\/12\/Partitura-kanoyetan-768x746.png 768w, https:\/\/kanoyetan.es\/wp-content\/uploads\/2024\/12\/Partitura-kanoyetan-1536x1491.png 1536w, https:\/\/kanoyetan.es\/wp-content\/uploads\/2024\/12\/Partitura-kanoyetan-12x12.png 12w, https:\/\/kanoyetan.es\/wp-content\/uploads\/2024\/12\/Partitura-kanoyetan.png 1784w\" sizes=\"(max-width: 800px) 100vw, 800px\" \/>\t\t\t\t\t\t\t\t<\/a>\n\t\t\t\t\t\t\t\t\t\t\t\t\t\t\t<\/div>\n\t\t\t\t<\/div>\n\t\t\t\t<\/div>\n\t\t<div class=\"elementor-element elementor-element-5daf80c e-con-full e-flex e-con e-child\" data-id=\"5daf80c\" data-element_type=\"container\" data-e-type=\"container\">\n\t\t<div class=\"elementor-element elementor-element-7c82c97 e-con-full e-flex elementor-invisible e-con e-child\" data-id=\"7c82c97\" data-element_type=\"container\" data-e-type=\"container\" data-settings=\"{&quot;animation&quot;:&quot;fadeInRight&quot;}\">\n\t\t\t\t<div class=\"elementor-element elementor-element-8dee6f9 elementor-widget elementor-widget-heading\" data-id=\"8dee6f9\" data-element_type=\"widget\" data-e-type=\"widget\" data-widget_type=\"heading.default\">\n\t\t\t\t<div class=\"elementor-widget-container\">\n\t\t\t\t\t<h2 class=\"elementor-heading-title elementor-size-default\">Himno de la sociedad Ka\u00f1oyetan<\/h2>\t\t\t\t<\/div>\n\t\t\t\t<\/div>\n\t\t\t\t<\/div>\n\t\t<div class=\"elementor-element elementor-element-c138548 e-con-full e-flex elementor-invisible e-con e-child\" data-id=\"c138548\" data-element_type=\"container\" data-e-type=\"container\" data-settings=\"{&quot;animation&quot;:&quot;fadeInRight&quot;}\">\n\t\t\t\t<div class=\"elementor-element elementor-element-033f3a3 elementor-widget elementor-widget-text-editor\" data-id=\"033f3a3\" data-element_type=\"widget\" data-e-type=\"widget\" data-widget_type=\"text-editor.default\">\n\t\t\t\t<div class=\"elementor-widget-container\">\n\t\t\t\t\t\t\t\t\t<p>KA\u00d1OYETAN<br \/>URGULL MENDIKO AZPIAN<br \/>UR EMARI ONEKO ITURRI ONDOAN<br \/>SORTU ZEN KABI EDERRA<br \/>LAGUN GIRO GOXO IZATEKO ASMOTAN<br \/>BERE LEMAK HOLA DIO:<br \/>\u201cHERRIAK BERE LEGE ARDURA ETXEAN\u201d<br \/>GOZA DEZAGUN<br \/>KIDEN ARTEAN<br \/>MAITEA DUGUN ELKARTEAN<br \/>KA\u00d1OYETAN !!<\/p><p>\u00a0<\/p><p>\u00a0<\/p><p>\u00a0<\/p><p>HITZAK: Joxe Ramon Berrondo Aiertza<\/p>\t\t\t\t\t\t\t\t<\/div>\n\t\t\t\t<\/div>\n\t\t\t\t<div class=\"elementor-element elementor-element-a1e0c75 elementor-view-default elementor-widget elementor-widget-icon\" data-id=\"a1e0c75\" data-element_type=\"widget\" data-e-type=\"widget\" data-widget_type=\"icon.default\">\n\t\t\t\t<div class=\"elementor-widget-container\">\n\t\t\t\t\t\t\t<div class=\"elementor-icon-wrapper\">\n\t\t\t<a class=\"elementor-icon\" href=\"https:\/\/kanoyetan.es\/wp-content\/uploads\/2024\/12\/Himno-kanoyetan.mp3\">\n\t\t\t<svg aria-hidden=\"true\" class=\"e-font-icon-svg e-far-play-circle\" viewBox=\"0 0 512 512\" xmlns=\"http:\/\/www.w3.org\/2000\/svg\"><path d=\"M371.7 238l-176-107c-15.8-8.8-35.7 2.5-35.7 21v208c0 18.4 19.8 29.8 35.7 21l176-101c16.4-9.1 16.4-32.8 0-42zM504 256C504 119 393 8 256 8S8 119 8 256s111 248 248 248 248-111 248-248zm-448 0c0-110.5 89.5-200 200-200s200 89.5 200 200-89.5 200-200 200S56 366.5 56 256z\"><\/path><\/svg>\t\t\t<\/a>\n\t\t<\/div>\n\t\t\t\t\t\t<\/div>\n\t\t\t\t<\/div>\n\t\t\t\t<\/div>\n\t\t\t\t<\/div>\n\t\t\t\t<\/div>\n\t\t<div class=\"elementor-element elementor-element-5ff1e92 e-con-full e-flex e-con e-parent\" data-id=\"5ff1e92\" data-element_type=\"container\" data-e-type=\"container\" data-settings=\"{&quot;background_background&quot;:&quot;classic&quot;}\">\n\t\t\t\t<div class=\"elementor-element elementor-element-b8ef75e elementor-widget elementor-widget-gallery\" data-id=\"b8ef75e\" data-element_type=\"widget\" data-e-type=\"widget\" data-settings=\"{&quot;columns&quot;:3,&quot;lazyload&quot;:&quot;yes&quot;,&quot;gallery_layout&quot;:&quot;grid&quot;,&quot;columns_tablet&quot;:2,&quot;columns_mobile&quot;:1,&quot;gap&quot;:{&quot;unit&quot;:&quot;px&quot;,&quot;size&quot;:10,&quot;sizes&quot;:[]},&quot;gap_tablet&quot;:{&quot;unit&quot;:&quot;px&quot;,&quot;size&quot;:10,&quot;sizes&quot;:[]},&quot;gap_mobile&quot;:{&quot;unit&quot;:&quot;px&quot;,&quot;size&quot;:10,&quot;sizes&quot;:[]},&quot;link_to&quot;:&quot;file&quot;,&quot;aspect_ratio&quot;:&quot;3:2&quot;,&quot;overlay_background&quot;:&quot;yes&quot;,&quot;content_hover_animation&quot;:&quot;fade-in&quot;}\" data-widget_type=\"gallery.default\">\n\t\t\t\t<div class=\"elementor-widget-container\">\n\t\t\t\t\t\t\t<div class=\"elementor-gallery__container\">\n\t\t\t\t\t\t\t<a class=\"e-gallery-item elementor-gallery-item elementor-animated-content\" href=\"https:\/\/kanoyetan.es\/wp-content\/uploads\/2024\/07\/20100122_20-scaled.jpg\" data-elementor-open-lightbox=\"yes\" data-elementor-lightbox-slideshow=\"b8ef75e\" data-elementor-lightbox-title=\"20100122_20\" data-e-action-hash=\"#elementor-action%3Aaction%3Dlightbox%26settings%3DeyJpZCI6MTA0MCwidXJsIjoiaHR0cHM6XC9cL2thbm95ZXRhbi5lc1wvd3AtY29udGVudFwvdXBsb2Fkc1wvMjAyNFwvMDdcLzIwMTAwMTIyXzIwLXNjYWxlZC5qcGciLCJzbGlkZXNob3ciOiJiOGVmNzVlIn0%3D\">\n\t\t\t\t\t<div class=\"e-gallery-image elementor-gallery-item__image\" data-thumbnail=\"https:\/\/kanoyetan.es\/wp-content\/uploads\/2024\/07\/20100122_20-300x200.jpg\" data-width=\"300\" data-height=\"200\" aria-label=\"\" role=\"img\" ><\/div>\n\t\t\t\t\t\t\t\t\t\t\t<div class=\"elementor-gallery-item__overlay\"><\/div>\n\t\t\t\t\t\t\t\t\t\t\t\t\t\t<\/a>\n\t\t\t\t\t\t\t<a class=\"e-gallery-item elementor-gallery-item elementor-animated-content\" href=\"https:\/\/kanoyetan.es\/wp-content\/uploads\/2024\/07\/20100121_55-scaled.jpg\" data-elementor-open-lightbox=\"yes\" data-elementor-lightbox-slideshow=\"b8ef75e\" data-elementor-lightbox-title=\"20100121_55\" data-e-action-hash=\"#elementor-action%3Aaction%3Dlightbox%26settings%3DeyJpZCI6MTAzOCwidXJsIjoiaHR0cHM6XC9cL2thbm95ZXRhbi5lc1wvd3AtY29udGVudFwvdXBsb2Fkc1wvMjAyNFwvMDdcLzIwMTAwMTIxXzU1LXNjYWxlZC5qcGciLCJzbGlkZXNob3ciOiJiOGVmNzVlIn0%3D\">\n\t\t\t\t\t<div class=\"e-gallery-image elementor-gallery-item__image\" data-thumbnail=\"https:\/\/kanoyetan.es\/wp-content\/uploads\/2024\/07\/20100121_55-300x200.jpg\" data-width=\"300\" data-height=\"200\" aria-label=\"\" role=\"img\" ><\/div>\n\t\t\t\t\t\t\t\t\t\t\t<div class=\"elementor-gallery-item__overlay\"><\/div>\n\t\t\t\t\t\t\t\t\t\t\t\t\t\t<\/a>\n\t\t\t\t\t\t\t<a class=\"e-gallery-item elementor-gallery-item elementor-animated-content\" href=\"https:\/\/kanoyetan.es\/wp-content\/uploads\/2024\/07\/20100121_61-scaled.jpg\" data-elementor-open-lightbox=\"yes\" data-elementor-lightbox-slideshow=\"b8ef75e\" data-elementor-lightbox-title=\"20100121_61\" data-e-action-hash=\"#elementor-action%3Aaction%3Dlightbox%26settings%3DeyJpZCI6MTAzOSwidXJsIjoiaHR0cHM6XC9cL2thbm95ZXRhbi5lc1wvd3AtY29udGVudFwvdXBsb2Fkc1wvMjAyNFwvMDdcLzIwMTAwMTIxXzYxLXNjYWxlZC5qcGciLCJzbGlkZXNob3ciOiJiOGVmNzVlIn0%3D\">\n\t\t\t\t\t<div class=\"e-gallery-image elementor-gallery-item__image\" data-thumbnail=\"https:\/\/kanoyetan.es\/wp-content\/uploads\/2024\/07\/20100121_61-300x200.jpg\" data-width=\"300\" data-height=\"200\" aria-label=\"\" role=\"img\" ><\/div>\n\t\t\t\t\t\t\t\t\t\t\t<div class=\"elementor-gallery-item__overlay\"><\/div>\n\t\t\t\t\t\t\t\t\t\t\t\t\t\t<\/a>\n\t\t\t\t\t\t\t<a class=\"e-gallery-item elementor-gallery-item elementor-animated-content\" href=\"https:\/\/kanoyetan.es\/wp-content\/uploads\/2024\/07\/20100121_52-scaled.jpg\" data-elementor-open-lightbox=\"yes\" data-elementor-lightbox-slideshow=\"b8ef75e\" data-elementor-lightbox-title=\"20100121_52\" data-e-action-hash=\"#elementor-action%3Aaction%3Dlightbox%26settings%3DeyJpZCI6MTAzNywidXJsIjoiaHR0cHM6XC9cL2thbm95ZXRhbi5lc1wvd3AtY29udGVudFwvdXBsb2Fkc1wvMjAyNFwvMDdcLzIwMTAwMTIxXzUyLXNjYWxlZC5qcGciLCJzbGlkZXNob3ciOiJiOGVmNzVlIn0%3D\">\n\t\t\t\t\t<div class=\"e-gallery-image elementor-gallery-item__image\" data-thumbnail=\"https:\/\/kanoyetan.es\/wp-content\/uploads\/2024\/07\/20100121_52-300x200.jpg\" data-width=\"300\" data-height=\"200\" aria-label=\"\" role=\"img\" ><\/div>\n\t\t\t\t\t\t\t\t\t\t\t<div class=\"elementor-gallery-item__overlay\"><\/div>\n\t\t\t\t\t\t\t\t\t\t\t\t\t\t<\/a>\n\t\t\t\t\t\t\t<a class=\"e-gallery-item elementor-gallery-item elementor-animated-content\" href=\"https:\/\/kanoyetan.es\/wp-content\/uploads\/2024\/07\/20100121_50-scaled.jpg\" data-elementor-open-lightbox=\"yes\" data-elementor-lightbox-slideshow=\"b8ef75e\" data-elementor-lightbox-title=\"20100121_50\" data-e-action-hash=\"#elementor-action%3Aaction%3Dlightbox%26settings%3DeyJpZCI6MTAzNiwidXJsIjoiaHR0cHM6XC9cL2thbm95ZXRhbi5lc1wvd3AtY29udGVudFwvdXBsb2Fkc1wvMjAyNFwvMDdcLzIwMTAwMTIxXzUwLXNjYWxlZC5qcGciLCJzbGlkZXNob3ciOiJiOGVmNzVlIn0%3D\">\n\t\t\t\t\t<div class=\"e-gallery-image elementor-gallery-item__image\" data-thumbnail=\"https:\/\/kanoyetan.es\/wp-content\/uploads\/2024\/07\/20100121_50-300x200.jpg\" data-width=\"300\" data-height=\"200\" aria-label=\"\" role=\"img\" ><\/div>\n\t\t\t\t\t\t\t\t\t\t\t<div class=\"elementor-gallery-item__overlay\"><\/div>\n\t\t\t\t\t\t\t\t\t\t\t\t\t\t<\/a>\n\t\t\t\t\t\t\t<a class=\"e-gallery-item elementor-gallery-item elementor-animated-content\" href=\"https:\/\/kanoyetan.es\/wp-content\/uploads\/2024\/07\/20100121_28-scaled.jpg\" data-elementor-open-lightbox=\"yes\" data-elementor-lightbox-slideshow=\"b8ef75e\" data-elementor-lightbox-title=\"20100121_28\" data-e-action-hash=\"#elementor-action%3Aaction%3Dlightbox%26settings%3DeyJpZCI6MTAzNSwidXJsIjoiaHR0cHM6XC9cL2thbm95ZXRhbi5lc1wvd3AtY29udGVudFwvdXBsb2Fkc1wvMjAyNFwvMDdcLzIwMTAwMTIxXzI4LXNjYWxlZC5qcGciLCJzbGlkZXNob3ciOiJiOGVmNzVlIn0%3D\">\n\t\t\t\t\t<div class=\"e-gallery-image elementor-gallery-item__image\" data-thumbnail=\"https:\/\/kanoyetan.es\/wp-content\/uploads\/2024\/07\/20100121_28-300x200.jpg\" data-width=\"300\" data-height=\"200\" aria-label=\"\" role=\"img\" ><\/div>\n\t\t\t\t\t\t\t\t\t\t\t<div class=\"elementor-gallery-item__overlay\"><\/div>\n\t\t\t\t\t\t\t\t\t\t\t\t\t\t<\/a>\n\t\t\t\t\t\t\t<a class=\"e-gallery-item elementor-gallery-item elementor-animated-content\" href=\"https:\/\/kanoyetan.es\/wp-content\/uploads\/2024\/07\/20100121_25-scaled.jpg\" data-elementor-open-lightbox=\"yes\" data-elementor-lightbox-slideshow=\"b8ef75e\" data-elementor-lightbox-title=\"20100121_25\" data-e-action-hash=\"#elementor-action%3Aaction%3Dlightbox%26settings%3DeyJpZCI6MTAzNCwidXJsIjoiaHR0cHM6XC9cL2thbm95ZXRhbi5lc1wvd3AtY29udGVudFwvdXBsb2Fkc1wvMjAyNFwvMDdcLzIwMTAwMTIxXzI1LXNjYWxlZC5qcGciLCJzbGlkZXNob3ciOiJiOGVmNzVlIn0%3D\">\n\t\t\t\t\t<div class=\"e-gallery-image elementor-gallery-item__image\" data-thumbnail=\"https:\/\/kanoyetan.es\/wp-content\/uploads\/2024\/07\/20100121_25-300x200.jpg\" data-width=\"300\" data-height=\"200\" aria-label=\"\" role=\"img\" ><\/div>\n\t\t\t\t\t\t\t\t\t\t\t<div class=\"elementor-gallery-item__overlay\"><\/div>\n\t\t\t\t\t\t\t\t\t\t\t\t\t\t<\/a>\n\t\t\t\t\t\t\t<a class=\"e-gallery-item elementor-gallery-item elementor-animated-content\" href=\"https:\/\/kanoyetan.es\/wp-content\/uploads\/2024\/07\/20100121_19-scaled.jpg\" data-elementor-open-lightbox=\"yes\" data-elementor-lightbox-slideshow=\"b8ef75e\" data-elementor-lightbox-title=\"20100121_19\" data-e-action-hash=\"#elementor-action%3Aaction%3Dlightbox%26settings%3DeyJpZCI6MTAzMywidXJsIjoiaHR0cHM6XC9cL2thbm95ZXRhbi5lc1wvd3AtY29udGVudFwvdXBsb2Fkc1wvMjAyNFwvMDdcLzIwMTAwMTIxXzE5LXNjYWxlZC5qcGciLCJzbGlkZXNob3ciOiJiOGVmNzVlIn0%3D\">\n\t\t\t\t\t<div class=\"e-gallery-image elementor-gallery-item__image\" data-thumbnail=\"https:\/\/kanoyetan.es\/wp-content\/uploads\/2024\/07\/20100121_19-300x200.jpg\" data-width=\"300\" data-height=\"200\" aria-label=\"\" role=\"img\" ><\/div>\n\t\t\t\t\t\t\t\t\t\t\t<div class=\"elementor-gallery-item__overlay\"><\/div>\n\t\t\t\t\t\t\t\t\t\t\t\t\t\t<\/a>\n\t\t\t\t\t\t\t<a class=\"e-gallery-item elementor-gallery-item elementor-animated-content\" href=\"https:\/\/kanoyetan.es\/wp-content\/uploads\/2024\/07\/20100121_18-scaled.jpg\" data-elementor-open-lightbox=\"yes\" data-elementor-lightbox-slideshow=\"b8ef75e\" data-elementor-lightbox-title=\"20100121_18\" data-e-action-hash=\"#elementor-action%3Aaction%3Dlightbox%26settings%3DeyJpZCI6MTAzMiwidXJsIjoiaHR0cHM6XC9cL2thbm95ZXRhbi5lc1wvd3AtY29udGVudFwvdXBsb2Fkc1wvMjAyNFwvMDdcLzIwMTAwMTIxXzE4LXNjYWxlZC5qcGciLCJzbGlkZXNob3ciOiJiOGVmNzVlIn0%3D\">\n\t\t\t\t\t<div class=\"e-gallery-image elementor-gallery-item__image\" data-thumbnail=\"https:\/\/kanoyetan.es\/wp-content\/uploads\/2024\/07\/20100121_18-300x200.jpg\" data-width=\"300\" data-height=\"200\" aria-label=\"\" role=\"img\" ><\/div>\n\t\t\t\t\t\t\t\t\t\t\t<div class=\"elementor-gallery-item__overlay\"><\/div>\n\t\t\t\t\t\t\t\t\t\t\t\t\t\t<\/a>\n\t\t\t\t\t\t\t<a class=\"e-gallery-item elementor-gallery-item elementor-animated-content\" href=\"https:\/\/kanoyetan.es\/wp-content\/uploads\/2024\/07\/20100121_14-scaled.jpg\" data-elementor-open-lightbox=\"yes\" data-elementor-lightbox-slideshow=\"b8ef75e\" data-elementor-lightbox-title=\"20100121_14\" data-e-action-hash=\"#elementor-action%3Aaction%3Dlightbox%26settings%3DeyJpZCI6MTAzMSwidXJsIjoiaHR0cHM6XC9cL2thbm95ZXRhbi5lc1wvd3AtY29udGVudFwvdXBsb2Fkc1wvMjAyNFwvMDdcLzIwMTAwMTIxXzE0LXNjYWxlZC5qcGciLCJzbGlkZXNob3ciOiJiOGVmNzVlIn0%3D\">\n\t\t\t\t\t<div class=\"e-gallery-image elementor-gallery-item__image\" data-thumbnail=\"https:\/\/kanoyetan.es\/wp-content\/uploads\/2024\/07\/20100121_14-300x200.jpg\" data-width=\"300\" data-height=\"200\" aria-label=\"\" role=\"img\" ><\/div>\n\t\t\t\t\t\t\t\t\t\t\t<div class=\"elementor-gallery-item__overlay\"><\/div>\n\t\t\t\t\t\t\t\t\t\t\t\t\t\t<\/a>\n\t\t\t\t\t\t\t<a class=\"e-gallery-item elementor-gallery-item elementor-animated-content\" href=\"https:\/\/kanoyetan.es\/wp-content\/uploads\/2024\/07\/20100121_13-scaled.jpg\" data-elementor-open-lightbox=\"yes\" data-elementor-lightbox-slideshow=\"b8ef75e\" data-elementor-lightbox-title=\"20100121_13\" data-e-action-hash=\"#elementor-action%3Aaction%3Dlightbox%26settings%3DeyJpZCI6MTAzMCwidXJsIjoiaHR0cHM6XC9cL2thbm95ZXRhbi5lc1wvd3AtY29udGVudFwvdXBsb2Fkc1wvMjAyNFwvMDdcLzIwMTAwMTIxXzEzLXNjYWxlZC5qcGciLCJzbGlkZXNob3ciOiJiOGVmNzVlIn0%3D\">\n\t\t\t\t\t<div class=\"e-gallery-image elementor-gallery-item__image\" data-thumbnail=\"https:\/\/kanoyetan.es\/wp-content\/uploads\/2024\/07\/20100121_13-300x200.jpg\" data-width=\"300\" data-height=\"200\" aria-label=\"\" role=\"img\" ><\/div>\n\t\t\t\t\t\t\t\t\t\t\t<div class=\"elementor-gallery-item__overlay\"><\/div>\n\t\t\t\t\t\t\t\t\t\t\t\t\t\t<\/a>\n\t\t\t\t\t\t\t<a class=\"e-gallery-item elementor-gallery-item elementor-animated-content\" href=\"https:\/\/kanoyetan.es\/wp-content\/uploads\/2024\/07\/31agosto2.jpg\" data-elementor-open-lightbox=\"yes\" data-elementor-lightbox-slideshow=\"b8ef75e\" data-elementor-lightbox-title=\"31agosto2\" data-e-action-hash=\"#elementor-action%3Aaction%3Dlightbox%26settings%3DeyJpZCI6MTAxMSwidXJsIjoiaHR0cHM6XC9cL2thbm95ZXRhbi5lc1wvd3AtY29udGVudFwvdXBsb2Fkc1wvMjAyNFwvMDdcLzMxYWdvc3RvMi5qcGciLCJzbGlkZXNob3ciOiJiOGVmNzVlIn0%3D\">\n\t\t\t\t\t<div class=\"e-gallery-image elementor-gallery-item__image\" data-thumbnail=\"https:\/\/kanoyetan.es\/wp-content\/uploads\/2024\/07\/31agosto2-300x217.jpg\" data-width=\"300\" data-height=\"217\" aria-label=\"\" role=\"img\" ><\/div>\n\t\t\t\t\t\t\t\t\t\t\t<div class=\"elementor-gallery-item__overlay\"><\/div>\n\t\t\t\t\t\t\t\t\t\t\t\t\t\t<\/a>\n\t\t\t\t\t\t\t<a class=\"e-gallery-item elementor-gallery-item elementor-animated-content\" href=\"https:\/\/kanoyetan.es\/wp-content\/uploads\/2024\/06\/KANOGALERIA5.jpg\" data-elementor-open-lightbox=\"yes\" data-elementor-lightbox-slideshow=\"b8ef75e\" data-elementor-lightbox-title=\"KANOGALERIA5\" data-e-action-hash=\"#elementor-action%3Aaction%3Dlightbox%26settings%3DeyJpZCI6NjE0LCJ1cmwiOiJodHRwczpcL1wva2Fub3lldGFuLmVzXC93cC1jb250ZW50XC91cGxvYWRzXC8yMDI0XC8wNlwvS0FOT0dBTEVSSUE1LmpwZyIsInNsaWRlc2hvdyI6ImI4ZWY3NWUifQ%3D%3D\">\n\t\t\t\t\t<div class=\"e-gallery-image elementor-gallery-item__image\" data-thumbnail=\"https:\/\/kanoyetan.es\/wp-content\/uploads\/2024\/06\/KANOGALERIA5-300x300.jpg\" data-width=\"300\" data-height=\"300\" aria-label=\"\" role=\"img\" ><\/div>\n\t\t\t\t\t\t\t\t\t\t\t<div class=\"elementor-gallery-item__overlay\"><\/div>\n\t\t\t\t\t\t\t\t\t\t\t\t\t\t<\/a>\n\t\t\t\t\t\t\t<a class=\"e-gallery-item elementor-gallery-item elementor-animated-content\" href=\"https:\/\/kanoyetan.es\/wp-content\/uploads\/2024\/06\/KANOGALERIA2.jpg\" data-elementor-open-lightbox=\"yes\" data-elementor-lightbox-slideshow=\"b8ef75e\" data-elementor-lightbox-title=\"KANOGALERIA2\" data-e-action-hash=\"#elementor-action%3Aaction%3Dlightbox%26settings%3DeyJpZCI6NjEyLCJ1cmwiOiJodHRwczpcL1wva2Fub3lldGFuLmVzXC93cC1jb250ZW50XC91cGxvYWRzXC8yMDI0XC8wNlwvS0FOT0dBTEVSSUEyLmpwZyIsInNsaWRlc2hvdyI6ImI4ZWY3NWUifQ%3D%3D\">\n\t\t\t\t\t<div class=\"e-gallery-image elementor-gallery-item__image\" data-thumbnail=\"https:\/\/kanoyetan.es\/wp-content\/uploads\/2024\/06\/KANOGALERIA2-300x169.jpg\" data-width=\"300\" data-height=\"169\" aria-label=\"\" role=\"img\" ><\/div>\n\t\t\t\t\t\t\t\t\t\t\t<div class=\"elementor-gallery-item__overlay\"><\/div>\n\t\t\t\t\t\t\t\t\t\t\t\t\t\t<\/a>\n\t\t\t\t\t\t\t<a class=\"e-gallery-item elementor-gallery-item elementor-animated-content\" href=\"https:\/\/kanoyetan.es\/wp-content\/uploads\/2024\/06\/KANOGALERIA1.jpg\" data-elementor-open-lightbox=\"yes\" data-elementor-lightbox-slideshow=\"b8ef75e\" data-elementor-lightbox-title=\"KANOGALERIA1\" data-e-action-hash=\"#elementor-action%3Aaction%3Dlightbox%26settings%3DeyJpZCI6NjExLCJ1cmwiOiJodHRwczpcL1wva2Fub3lldGFuLmVzXC93cC1jb250ZW50XC91cGxvYWRzXC8yMDI0XC8wNlwvS0FOT0dBTEVSSUExLmpwZyIsInNsaWRlc2hvdyI6ImI4ZWY3NWUifQ%3D%3D\">\n\t\t\t\t\t<div class=\"e-gallery-image elementor-gallery-item__image\" data-thumbnail=\"https:\/\/kanoyetan.es\/wp-content\/uploads\/2024\/06\/KANOGALERIA1-300x200.jpg\" data-width=\"300\" data-height=\"200\" aria-label=\"\" role=\"img\" ><\/div>\n\t\t\t\t\t\t\t\t\t\t\t<div class=\"elementor-gallery-item__overlay\"><\/div>\n\t\t\t\t\t\t\t\t\t\t\t\t\t\t<\/a>\n\t\t\t\t\t<\/div>\n\t\t\t\t\t<\/div>\n\t\t\t\t<\/div>\n\t\t\t\t<\/div>\n\t\t\t\t<\/div>\n\t\t","protected":false},"excerpt":{"rendered":"<p>TAMBORRADA En 1911 la Sociedad Ka\u00f1oyetan se incorpor\u00f3 al estruendo ratapl\u00e1n de nuestra Fiesta Mayor. Organizada conjuntamente por las sociedades Uni\u00f3n Artesana, Euskal Billera y Leku Zarra. La Tamborrada de [&hellip;]<\/p>\n","protected":false},"author":1,"featured_media":0,"parent":0,"menu_order":0,"comment_status":"closed","ping_status":"closed","template":"","meta":{"wprm-recipe-roundup-name":"","wprm-recipe-roundup-description":"","footnotes":""},"class_list":["post-147","page","type-page","status-publish","hentry"],"_links":{"self":[{"href":"https:\/\/kanoyetan.es\/eu\/wp-json\/wp\/v2\/pages\/147","targetHints":{"allow":["GET"]}}],"collection":[{"href":"https:\/\/kanoyetan.es\/eu\/wp-json\/wp\/v2\/pages"}],"about":[{"href":"https:\/\/kanoyetan.es\/eu\/wp-json\/wp\/v2\/types\/page"}],"author":[{"embeddable":true,"href":"https:\/\/kanoyetan.es\/eu\/wp-json\/wp\/v2\/users\/1"}],"replies":[{"embeddable":true,"href":"https:\/\/kanoyetan.es\/eu\/wp-json\/wp\/v2\/comments?post=147"}],"version-history":[{"count":73,"href":"https:\/\/kanoyetan.es\/eu\/wp-json\/wp\/v2\/pages\/147\/revisions"}],"predecessor-version":[{"id":3045,"href":"https:\/\/kanoyetan.es\/eu\/wp-json\/wp\/v2\/pages\/147\/revisions\/3045"}],"wp:attachment":[{"href":"https:\/\/kanoyetan.es\/eu\/wp-json\/wp\/v2\/media?parent=147"}],"curies":[{"name":"wp","href":"https:\/\/api.w.org\/{rel}","templated":true}]}}