{"id":2,"date":"2024-02-21T14:29:56","date_gmt":"2024-02-21T14:29:56","guid":{"rendered":"https:\/\/vigorous-shockley.82-223-37-80.plesk.page\/?page_id=2"},"modified":"2025-03-06T22:00:58","modified_gmt":"2025-03-06T22:00:58","slug":"sample-page","status":"publish","type":"page","link":"https:\/\/kanoyetan.es\/en\/","title":{"rendered":"Kanoyetan"},"content":{"rendered":"\t\t<div data-elementor-type=\"wp-page\" data-elementor-id=\"2\" class=\"elementor elementor-2\" data-elementor-post-type=\"page\">\n\t\t\t\t<div class=\"elementor-element elementor-element-fc7ca04 e-con-full e-flex e-con e-parent\" data-id=\"fc7ca04\" data-element_type=\"container\" data-e-type=\"container\" data-settings=\"{&quot;background_background&quot;:&quot;video&quot;,&quot;background_motion_fx_scale_effect&quot;:&quot;yes&quot;,&quot;background_motion_fx_scale_speed&quot;:{&quot;unit&quot;:&quot;px&quot;,&quot;size&quot;:2,&quot;sizes&quot;:[]},&quot;background_motion_fx_scale_range&quot;:{&quot;unit&quot;:&quot;%&quot;,&quot;size&quot;:&quot;&quot;,&quot;sizes&quot;:{&quot;start&quot;:50,&quot;end&quot;:100}},&quot;background_video_link&quot;:&quot;https:\\\/\\\/kanoyetan.es\\\/wp-content\\\/uploads\\\/2024\\\/02\\\/Portada-720.mp4&quot;,&quot;animation&quot;:&quot;none&quot;,&quot;background_motion_fx_scale_direction&quot;:&quot;out-in&quot;,&quot;background_motion_fx_devices&quot;:[&quot;desktop&quot;,&quot;tablet&quot;,&quot;mobile&quot;]}\">\n\t\t<div class=\"elementor-background-video-container elementor-hidden-mobile\">\n\t\t\t\t\t\t\t<video class=\"elementor-background-video-hosted\" role=\"presentation\" autoplay muted playsinline loop><\/video>\n\t\t\t\t\t<\/div><div class=\"elementor-element elementor-element-9af642a e-con-full e-flex elementor-invisible e-con e-child\" data-id=\"9af642a\" data-element_type=\"container\" data-e-type=\"container\" data-settings=\"{&quot;animation&quot;:&quot;fadeInUp&quot;}\">\n\t\t<div class=\"elementor-element elementor-element-32e7426 e-con-full e-flex e-con e-child\" data-id=\"32e7426\" data-element_type=\"container\" data-e-type=\"container\">\n\t\t\t\t<div class=\"elementor-element elementor-element-d360a7b elementor-widget elementor-widget-text-editor\" data-id=\"d360a7b\" data-element_type=\"widget\" data-e-type=\"widget\" data-widget_type=\"text-editor.default\">\n\t\t\t\t<div class=\"elementor-widget-container\">\n\t\t\t\t\t\t\t\t\t<p>Sociedad <br \/>gastron\u00f3mica <br \/>desde 1900<\/p>\t\t\t\t\t\t\t\t<\/div>\n\t\t\t\t<\/div>\n\t\t\t\t<div class=\"elementor-element elementor-element-aa29fa5 elementor-widget elementor-widget-text-editor\" data-id=\"aa29fa5\" data-element_type=\"widget\" data-e-type=\"widget\" data-widget_type=\"text-editor.default\">\n\t\t\t\t<div class=\"elementor-widget-container\">\n\t\t\t\t\t\t\t\t\t<p>Donostia &#8211; San Sebasti\u00e1n<\/p>\t\t\t\t\t\t\t\t<\/div>\n\t\t\t\t<\/div>\n\t\t\t\t<\/div>\n\t\t\t\t<div class=\"elementor-element elementor-element-7247548 elementor-align-center elementor-invisible elementor-widget elementor-widget-button\" data-id=\"7247548\" data-element_type=\"widget\" data-e-type=\"widget\" data-settings=\"{&quot;_animation&quot;:&quot;slideInUp&quot;,&quot;_animation_delay&quot;:500}\" data-widget_type=\"button.default\">\n\t\t\t\t<div class=\"elementor-widget-container\">\n\t\t\t\t\t\t\t\t\t<div class=\"elementor-button-wrapper\">\n\t\t\t\t\t<a class=\"elementor-button elementor-button-link elementor-size-sm\" href=\"https:\/\/kanoyetan.es\/la-sociedad\">\n\t\t\t\t\t\t<span class=\"elementor-button-content-wrapper\">\n\t\t\t\t\t\t\t\t\t<span class=\"elementor-button-text\">Sobre la sociedad<\/span>\n\t\t\t\t\t<\/span>\n\t\t\t\t\t<\/a>\n\t\t\t\t<\/div>\n\t\t\t\t\t\t\t\t<\/div>\n\t\t\t\t<\/div>\n\t\t\t\t<\/div>\n\t\t\t\t<\/div>\n\t\t<div class=\"elementor-element elementor-element-b1dc979 e-con-full animated-slow elementor-hidden-tablet e-flex elementor-invisible e-con e-parent\" data-id=\"b1dc979\" data-element_type=\"container\" data-e-type=\"container\" data-settings=\"{&quot;background_background&quot;:&quot;classic&quot;,&quot;animation&quot;:&quot;fadeIn&quot;,&quot;animation_delay&quot;:0}\">\n\t\t<div class=\"elementor-element elementor-element-ac9b54c e-con-full e-flex e-con e-child\" data-id=\"ac9b54c\" data-element_type=\"container\" data-e-type=\"container\" data-settings=\"{&quot;background_background&quot;:&quot;classic&quot;}\">\n\t\t\t\t<div class=\"elementor-element elementor-element-957ffe4 elementor-invisible elementor-widget elementor-widget-text-editor\" data-id=\"957ffe4\" data-element_type=\"widget\" data-e-type=\"widget\" data-settings=\"{&quot;_animation&quot;:&quot;fadeInLeft&quot;}\" data-widget_type=\"text-editor.default\">\n\t\t\t\t<div class=\"elementor-widget-container\">\n\t\t\t\t\t\t\t\t\t<p><b>Un tesoro en la Parte Vieja de San Sebasti\u00e1n<\/b><\/p>\t\t\t\t\t\t\t\t<\/div>\n\t\t\t\t<\/div>\n\t\t\t\t<div class=\"elementor-element elementor-element-4b4186d elementor-invisible elementor-widget elementor-widget-text-editor\" data-id=\"4b4186d\" data-element_type=\"widget\" data-e-type=\"widget\" data-settings=\"{&quot;_animation&quot;:&quot;fadeInLeft&quot;}\" data-widget_type=\"text-editor.default\">\n\t\t\t\t<div class=\"elementor-widget-container\">\n\t\t\t\t\t\t\t\t\t<p>Ka\u00f1oyetan, un <strong>verdadero tesoro<\/strong> en el coraz\u00f3n de la <strong>Parte Vieja<\/strong>, es mucho m\u00e1s que una sociedad fundada hace m\u00e1s de un siglo.<\/p><p>Con una estructura que <strong>respira historia<\/strong>, sus ra\u00edces se hunden profundamente en los cimientos de un <strong>edificio<\/strong> que ha resistido el paso del tiempo durante <strong>250 a\u00f1os.<\/strong><\/p><p>Cada rinc\u00f3n de este venerable lugar ha sido renovado con un <strong>cuidado excepcional<\/strong>, preservando su antigua gloria mientras se adapta a los est\u00e1ndares modernos de comodidad y tecnolog\u00eda.<\/p><p>Desde su entrada principal redise\u00f1ada, ahora accesible para todos y todas, hasta sus innovadores sistemas de ventilaci\u00f3n y calefacci\u00f3n, <strong>Ka\u00f1oyetan es un homenaje al pasado con miras al futuro<\/strong>.<\/p><p>Aqu\u00ed, entre sus paredes llenas de historias y an\u00e9cdotas, se encuentran<strong> tesoros culinarios<\/strong> que han deleitado a <strong>realeza<\/strong> y <strong>celebridades.<\/strong><\/p>\t\t\t\t\t\t\t\t<\/div>\n\t\t\t\t<\/div>\n\t\t\t\t<div class=\"elementor-element elementor-element-27d5439 elementor-align-center elementor-invisible elementor-widget elementor-widget-button\" data-id=\"27d5439\" data-element_type=\"widget\" data-e-type=\"widget\" data-settings=\"{&quot;_animation&quot;:&quot;slideInLeft&quot;,&quot;_animation_delay&quot;:500}\" data-widget_type=\"button.default\">\n\t\t\t\t<div class=\"elementor-widget-container\">\n\t\t\t\t\t\t\t\t\t<div class=\"elementor-button-wrapper\">\n\t\t\t\t\t<a class=\"elementor-button elementor-button-link elementor-size-sm\" href=\"https:\/\/kanoyetan.es\/la-sociedad\">\n\t\t\t\t\t\t<span class=\"elementor-button-content-wrapper\">\n\t\t\t\t\t\t\t\t\t<span class=\"elementor-button-text\">M\u00e1s sobre la sociedad<\/span>\n\t\t\t\t\t<\/span>\n\t\t\t\t\t<\/a>\n\t\t\t\t<\/div>\n\t\t\t\t\t\t\t\t<\/div>\n\t\t\t\t<\/div>\n\t\t\t\t<\/div>\n\t\t<div class=\"elementor-element elementor-element-95f8a02 e-con-full e-flex elementor-invisible e-con e-child\" data-id=\"95f8a02\" data-element_type=\"container\" data-e-type=\"container\" data-settings=\"{&quot;background_background&quot;:&quot;video&quot;,&quot;animation&quot;:&quot;fadeInRight&quot;}\">\n\t\t\t\t<div class=\"elementor-element elementor-element-c1bdb96 elementor-widget elementor-widget-image\" data-id=\"c1bdb96\" data-element_type=\"widget\" data-e-type=\"widget\" data-widget_type=\"image.default\">\n\t\t\t\t<div class=\"elementor-widget-container\">\n\t\t\t\t\t\t\t\t\t\t\t\t\t\t\t<img fetchpriority=\"high\" decoding=\"async\" width=\"800\" height=\"534\" src=\"https:\/\/kanoyetan.es\/wp-content\/uploads\/2024\/04\/DSC_5606-1024x683.jpg\" class=\"attachment-large size-large wp-image-454\" alt=\"\" srcset=\"https:\/\/kanoyetan.es\/wp-content\/uploads\/2024\/04\/DSC_5606-1024x683.jpg 1024w, https:\/\/kanoyetan.es\/wp-content\/uploads\/2024\/04\/DSC_5606-300x200.jpg 300w, https:\/\/kanoyetan.es\/wp-content\/uploads\/2024\/04\/DSC_5606-768x512.jpg 768w, https:\/\/kanoyetan.es\/wp-content\/uploads\/2024\/04\/DSC_5606-1536x1024.jpg 1536w, https:\/\/kanoyetan.es\/wp-content\/uploads\/2024\/04\/DSC_5606-2048x1365.jpg 2048w\" sizes=\"(max-width: 800px) 100vw, 800px\" \/>\t\t\t\t\t\t\t\t\t\t\t\t\t\t\t<\/div>\n\t\t\t\t<\/div>\n\t\t\t\t<\/div>\n\t\t\t\t<\/div>\n\t\t<div class=\"elementor-element elementor-element-a65daf2 e-con-full animated-slow elementor-hidden-desktop elementor-hidden-mobile e-flex elementor-invisible e-con e-parent\" data-id=\"a65daf2\" data-element_type=\"container\" data-e-type=\"container\" data-settings=\"{&quot;background_background&quot;:&quot;classic&quot;,&quot;animation&quot;:&quot;fadeIn&quot;,&quot;animation_delay&quot;:0}\">\n\t\t<div class=\"elementor-element elementor-element-3ce1d8b e-con-full e-flex e-con e-child\" data-id=\"3ce1d8b\" data-element_type=\"container\" data-e-type=\"container\" data-settings=\"{&quot;background_background&quot;:&quot;classic&quot;}\">\n\t\t\t\t<div class=\"elementor-element elementor-element-01b0c98 elementor-widget elementor-widget-image\" data-id=\"01b0c98\" data-element_type=\"widget\" data-e-type=\"widget\" data-widget_type=\"image.default\">\n\t\t\t\t<div class=\"elementor-widget-container\">\n\t\t\t\t\t\t\t\t\t\t\t\t\t\t\t<img fetchpriority=\"high\" decoding=\"async\" width=\"800\" height=\"534\" src=\"https:\/\/kanoyetan.es\/wp-content\/uploads\/2024\/04\/DSC_5606-1024x683.jpg\" class=\"attachment-large size-large wp-image-454\" alt=\"\" srcset=\"https:\/\/kanoyetan.es\/wp-content\/uploads\/2024\/04\/DSC_5606-1024x683.jpg 1024w, https:\/\/kanoyetan.es\/wp-content\/uploads\/2024\/04\/DSC_5606-300x200.jpg 300w, https:\/\/kanoyetan.es\/wp-content\/uploads\/2024\/04\/DSC_5606-768x512.jpg 768w, https:\/\/kanoyetan.es\/wp-content\/uploads\/2024\/04\/DSC_5606-1536x1024.jpg 1536w, https:\/\/kanoyetan.es\/wp-content\/uploads\/2024\/04\/DSC_5606-2048x1365.jpg 2048w\" sizes=\"(max-width: 800px) 100vw, 800px\" \/>\t\t\t\t\t\t\t\t\t\t\t\t\t\t\t<\/div>\n\t\t\t\t<\/div>\n\t\t\t\t<div class=\"elementor-element elementor-element-003e159 elementor-invisible elementor-widget elementor-widget-text-editor\" data-id=\"003e159\" data-element_type=\"widget\" data-e-type=\"widget\" data-settings=\"{&quot;_animation&quot;:&quot;fadeInLeft&quot;}\" data-widget_type=\"text-editor.default\">\n\t\t\t\t<div class=\"elementor-widget-container\">\n\t\t\t\t\t\t\t\t\t<p><b>Un tesoro en la Parte Vieja de San Sebasti\u00e1n<\/b><\/p>\t\t\t\t\t\t\t\t<\/div>\n\t\t\t\t<\/div>\n\t\t\t\t<div class=\"elementor-element elementor-element-61ded83 elementor-invisible elementor-widget elementor-widget-text-editor\" data-id=\"61ded83\" data-element_type=\"widget\" data-e-type=\"widget\" data-settings=\"{&quot;_animation&quot;:&quot;fadeInLeft&quot;}\" data-widget_type=\"text-editor.default\">\n\t\t\t\t<div class=\"elementor-widget-container\">\n\t\t\t\t\t\t\t\t\t<p>Ka\u00f1oyetan, un <strong>verdadero tesoro<\/strong> en el coraz\u00f3n de la <strong>Parte Vieja<\/strong>, es mucho m\u00e1s que una sociedad fundada hace m\u00e1s de un siglo.<\/p><p>Con una estructura que <strong>respira historia<\/strong>, sus ra\u00edces se hunden profundamente en los cimientos de un <strong>edificio<\/strong> que ha resistido el paso del tiempo durante <strong>250 a\u00f1os.<\/strong><\/p><p>Cada rinc\u00f3n de este venerable lugar ha sido renovado con un <strong>cuidado excepcional<\/strong>, preservando su antigua gloria mientras se adapta a los est\u00e1ndares modernos de comodidad y tecnolog\u00eda.<\/p><p>Desde su entrada principal redise\u00f1ada, ahora accesible para todos y todas, hasta sus innovadores sistemas de ventilaci\u00f3n y calefacci\u00f3n, <strong>Ka\u00f1oyetan es un homenaje al pasado con miras al futuro<\/strong>.<\/p><p>Aqu\u00ed, entre sus paredes llenas de historias y an\u00e9cdotas, se encuentran<strong> tesoros culinarios<\/strong> que han deleitado a <strong>realeza<\/strong> y <strong>celebridades.<\/strong><\/p>\t\t\t\t\t\t\t\t<\/div>\n\t\t\t\t<\/div>\n\t\t\t\t<div class=\"elementor-element elementor-element-9982716 elementor-align-center elementor-invisible elementor-widget elementor-widget-button\" data-id=\"9982716\" data-element_type=\"widget\" data-e-type=\"widget\" data-settings=\"{&quot;_animation&quot;:&quot;slideInLeft&quot;,&quot;_animation_delay&quot;:500}\" data-widget_type=\"button.default\">\n\t\t\t\t<div class=\"elementor-widget-container\">\n\t\t\t\t\t\t\t\t\t<div class=\"elementor-button-wrapper\">\n\t\t\t\t\t<a class=\"elementor-button elementor-button-link elementor-size-sm\" href=\"https:\/\/kanoyetan.es\/la-sociedad\">\n\t\t\t\t\t\t<span class=\"elementor-button-content-wrapper\">\n\t\t\t\t\t\t\t\t\t<span class=\"elementor-button-text\">M\u00e1s sobre la sociedad<\/span>\n\t\t\t\t\t<\/span>\n\t\t\t\t\t<\/a>\n\t\t\t\t<\/div>\n\t\t\t\t\t\t\t\t<\/div>\n\t\t\t\t<\/div>\n\t\t\t\t<\/div>\n\t\t\t\t<\/div>\n\t\t<div class=\"elementor-element elementor-element-2b10855d e-flex e-con-boxed e-con e-parent\" data-id=\"2b10855d\" data-element_type=\"container\" data-e-type=\"container\" data-settings=\"{&quot;background_background&quot;:&quot;classic&quot;}\">\n\t\t\t\t\t<div class=\"e-con-inner\">\n\t\t\t\t<div class=\"elementor-element elementor-element-60306d68 elementor-widget elementor-widget-heading\" data-id=\"60306d68\" data-element_type=\"widget\" data-e-type=\"widget\" data-widget_type=\"heading.default\">\n\t\t\t\t<div class=\"elementor-widget-container\">\n\t\t\t\t\t<h1 class=\"elementor-heading-title elementor-size-default\">ULTIMAS NOTICIAS<\/h1>\t\t\t\t<\/div>\n\t\t\t\t<\/div>\n\t\t\t\t\t<\/div>\n\t\t\t\t<\/div>\n\t\t<div class=\"elementor-element elementor-element-1b1b50d e-flex e-con-boxed e-con e-parent\" data-id=\"1b1b50d\" data-element_type=\"container\" data-e-type=\"container\" data-settings=\"{&quot;background_background&quot;:&quot;classic&quot;}\">\n\t\t\t\t\t<div class=\"e-con-inner\">\n\t\t<div class=\"elementor-element elementor-element-d99d4d1 e-con-full e-flex e-con e-child\" data-id=\"d99d4d1\" data-element_type=\"container\" data-e-type=\"container\">\n\t\t\t\t<div class=\"elementor-element elementor-element-da72072 elementor-grid-3 elementor-grid-tablet-2 elementor-grid-mobile-1 elementor-posts--thumbnail-top elementor-card-shadow-yes elementor-posts__hover-gradient elementor-widget elementor-widget-posts\" data-id=\"da72072\" data-element_type=\"widget\" data-e-type=\"widget\" data-settings=\"{&quot;cards_columns&quot;:&quot;3&quot;,&quot;cards_columns_tablet&quot;:&quot;2&quot;,&quot;cards_columns_mobile&quot;:&quot;1&quot;,&quot;cards_row_gap&quot;:{&quot;unit&quot;:&quot;px&quot;,&quot;size&quot;:35,&quot;sizes&quot;:[]},&quot;cards_row_gap_tablet&quot;:{&quot;unit&quot;:&quot;px&quot;,&quot;size&quot;:&quot;&quot;,&quot;sizes&quot;:[]},&quot;cards_row_gap_mobile&quot;:{&quot;unit&quot;:&quot;px&quot;,&quot;size&quot;:&quot;&quot;,&quot;sizes&quot;:[]}}\" data-widget_type=\"posts.cards\">\n\t\t\t\t<div class=\"elementor-widget-container\">\n\t\t\t\t\t\t\t<div class=\"elementor-posts-container elementor-posts elementor-posts--skin-cards elementor-grid\" role=\"list\">\n\t\t\t\t<article class=\"elementor-post elementor-grid-item post-3103 post type-post status-publish format-standard has-post-thumbnail hentry category-noticias\" role=\"listitem\">\n\t\t\t<div class=\"elementor-post__card\">\n\t\t\t\t<a class=\"elementor-post__thumbnail__link\" href=\"https:\/\/kanoyetan.es\/en\/kan%cc%83oyetan-la-novela-grafica\/\" tabindex=\"-1\" ><div class=\"elementor-post__thumbnail\"><img decoding=\"async\" width=\"300\" height=\"168\" src=\"https:\/\/kanoyetan.es\/wp-content\/uploads\/2026\/03\/Kanoyetan-La-novela-grafica-300x168.png\" class=\"attachment-medium size-medium wp-image-3105\" alt=\"\" srcset=\"https:\/\/kanoyetan.es\/wp-content\/uploads\/2026\/03\/Kanoyetan-La-novela-grafica-300x168.png 300w, https:\/\/kanoyetan.es\/wp-content\/uploads\/2026\/03\/Kanoyetan-La-novela-grafica-1024x573.png 1024w, https:\/\/kanoyetan.es\/wp-content\/uploads\/2026\/03\/Kanoyetan-La-novela-grafica-768x430.png 768w, https:\/\/kanoyetan.es\/wp-content\/uploads\/2026\/03\/Kanoyetan-La-novela-grafica-1536x859.png 1536w, https:\/\/kanoyetan.es\/wp-content\/uploads\/2026\/03\/Kanoyetan-La-novela-grafica-2048x1146.png 2048w, https:\/\/kanoyetan.es\/wp-content\/uploads\/2026\/03\/Kanoyetan-La-novela-grafica-18x10.png 18w, https:\/\/kanoyetan.es\/wp-content\/uploads\/2026\/03\/Kanoyetan-La-novela-grafica-480x270.png 480w\" sizes=\"(max-width: 300px) 100vw, 300px\" \/><\/div><\/a>\n\t\t\t\t<div class=\"elementor-post__badge\">Noticias<\/div>\n\t\t\t\t<div class=\"elementor-post__text\">\n\t\t\t\t<h3 class=\"elementor-post__title\">\n\t\t\t<a href=\"https:\/\/kanoyetan.es\/en\/kan%cc%83oyetan-la-novela-grafica\/\" >\n\t\t\t\tKa\u00f1oyetan \u00a1La novela gra\u0301fica!\t\t\t<\/a>\n\t\t<\/h3>\n\t\t\t\t<div class=\"elementor-post__excerpt\">\n\t\t\t<p>Ka\u00f1oyetan. La novela gr\u00e1fica Ver documento PDF<\/p>\n\t\t<\/div>\n\t\t\t\t\t<div class=\"elementor-post__read-more-wrapper\">\n\t\t\n\t\t<a class=\"elementor-post__read-more\" href=\"https:\/\/kanoyetan.es\/en\/kan%cc%83oyetan-la-novela-grafica\/\" aria-label=\"Read more about Ka\u00f1oyetan \u00a1La novela gra\u0301fica!\" tabindex=\"-1\" >\n\t\t\tLeer m\u00e1s \u00bb\t\t<\/a>\n\n\t\t\t\t\t<\/div>\n\t\t\t\t<\/div>\n\t\t\t\t<div class=\"elementor-post__meta-data\">\n\t\t\t\t\t<span class=\"elementor-post-date\">\n\t\t\tMarch 11, 2026\t\t<\/span>\n\t\t\t\t<span class=\"elementor-post-avatar\">\n\t\t\tNo Comments\t\t<\/span>\n\t\t\t\t<\/div>\n\t\t\t\t\t<\/div>\n\t\t<\/article>\n\t\t\t\t<article class=\"elementor-post elementor-grid-item post-3101 post type-post status-publish format-standard has-post-thumbnail hentry category-noticias\" role=\"listitem\">\n\t\t\t<div class=\"elementor-post__card\">\n\t\t\t\t<a class=\"elementor-post__thumbnail__link\" href=\"https:\/\/kanoyetan.es\/en\/los-felices-anos-20\/\" tabindex=\"-1\" ><div class=\"elementor-post__thumbnail\"><img decoding=\"async\" width=\"300\" height=\"168\" src=\"https:\/\/kanoyetan.es\/wp-content\/uploads\/2026\/03\/Los-felices-anos-20-300x168.png\" class=\"attachment-medium size-medium wp-image-3106\" alt=\"\" srcset=\"https:\/\/kanoyetan.es\/wp-content\/uploads\/2026\/03\/Los-felices-anos-20-300x168.png 300w, https:\/\/kanoyetan.es\/wp-content\/uploads\/2026\/03\/Los-felices-anos-20-1024x574.png 1024w, https:\/\/kanoyetan.es\/wp-content\/uploads\/2026\/03\/Los-felices-anos-20-768x431.png 768w, https:\/\/kanoyetan.es\/wp-content\/uploads\/2026\/03\/Los-felices-anos-20-1536x861.png 1536w, https:\/\/kanoyetan.es\/wp-content\/uploads\/2026\/03\/Los-felices-anos-20-2048x1148.png 2048w, https:\/\/kanoyetan.es\/wp-content\/uploads\/2026\/03\/Los-felices-anos-20-18x10.png 18w, https:\/\/kanoyetan.es\/wp-content\/uploads\/2026\/03\/Los-felices-anos-20-480x270.png 480w\" sizes=\"(max-width: 300px) 100vw, 300px\" \/><\/div><\/a>\n\t\t\t\t<div class=\"elementor-post__badge\">Noticias<\/div>\n\t\t\t\t<div class=\"elementor-post__text\">\n\t\t\t\t<h3 class=\"elementor-post__title\">\n\t\t\t<a href=\"https:\/\/kanoyetan.es\/en\/los-felices-anos-20\/\" >\n\t\t\t\tKa\u00f1oyetan \u00a1Los felices a\u00f1os 20!\t\t\t<\/a>\n\t\t<\/h3>\n\t\t\t\t<div class=\"elementor-post__excerpt\">\n\t\t\t<p>\u00bfLos felices a\u00f1os 20! Ver documento PDF<\/p>\n\t\t<\/div>\n\t\t\t\t\t<div class=\"elementor-post__read-more-wrapper\">\n\t\t\n\t\t<a class=\"elementor-post__read-more\" href=\"https:\/\/kanoyetan.es\/en\/los-felices-anos-20\/\" aria-label=\"Read more about Ka\u00f1oyetan \u00a1Los felices a\u00f1os 20!\" tabindex=\"-1\" >\n\t\t\tLeer m\u00e1s \u00bb\t\t<\/a>\n\n\t\t\t\t\t<\/div>\n\t\t\t\t<\/div>\n\t\t\t\t<div class=\"elementor-post__meta-data\">\n\t\t\t\t\t<span class=\"elementor-post-date\">\n\t\t\tMarch 11, 2026\t\t<\/span>\n\t\t\t\t<span class=\"elementor-post-avatar\">\n\t\t\tNo Comments\t\t<\/span>\n\t\t\t\t<\/div>\n\t\t\t\t\t<\/div>\n\t\t<\/article>\n\t\t\t\t<article class=\"elementor-post elementor-grid-item post-3062 post type-post status-publish format-standard has-post-thumbnail hentry category-noticias\" role=\"listitem\">\n\t\t\t<div class=\"elementor-post__card\">\n\t\t\t\t<a class=\"elementor-post__thumbnail__link\" href=\"https:\/\/kanoyetan.es\/en\/una-historia-grafica-de-gastronomia-reinas-y-guisanderas-1900-2025\/\" tabindex=\"-1\" ><div class=\"elementor-post__thumbnail\"><img loading=\"lazy\" decoding=\"async\" width=\"300\" height=\"168\" src=\"https:\/\/kanoyetan.es\/wp-content\/uploads\/2026\/03\/125-anos-en-los-fogones-300x168.jpg\" class=\"attachment-medium size-medium wp-image-3100\" alt=\"\" srcset=\"https:\/\/kanoyetan.es\/wp-content\/uploads\/2026\/03\/125-anos-en-los-fogones-300x168.jpg 300w, https:\/\/kanoyetan.es\/wp-content\/uploads\/2026\/03\/125-anos-en-los-fogones-1024x572.jpg 1024w, https:\/\/kanoyetan.es\/wp-content\/uploads\/2026\/03\/125-anos-en-los-fogones-768x429.jpg 768w, https:\/\/kanoyetan.es\/wp-content\/uploads\/2026\/03\/125-anos-en-los-fogones-1536x859.jpg 1536w, https:\/\/kanoyetan.es\/wp-content\/uploads\/2026\/03\/125-anos-en-los-fogones-2048x1145.jpg 2048w, https:\/\/kanoyetan.es\/wp-content\/uploads\/2026\/03\/125-anos-en-los-fogones-18x10.jpg 18w, https:\/\/kanoyetan.es\/wp-content\/uploads\/2026\/03\/125-anos-en-los-fogones-480x270.jpg 480w\" sizes=\"(max-width: 300px) 100vw, 300px\" \/><\/div><\/a>\n\t\t\t\t<div class=\"elementor-post__badge\">Noticias<\/div>\n\t\t\t\t<div class=\"elementor-post__text\">\n\t\t\t\t<h3 class=\"elementor-post__title\">\n\t\t\t<a href=\"https:\/\/kanoyetan.es\/en\/una-historia-grafica-de-gastronomia-reinas-y-guisanderas-1900-2025\/\" >\n\t\t\t\tKa\u00f1oyetan. Una historia gr\u00e1fica de gastronom\u00eda, reinas y guisanderas (1900-2025)\t\t\t<\/a>\n\t\t<\/h3>\n\t\t\t\t<div class=\"elementor-post__excerpt\">\n\t\t\t<p>Ka\u00f1oyetan. 125 a\u00f1os en los fogones Ver documento PDF<\/p>\n\t\t<\/div>\n\t\t\t\t\t<div class=\"elementor-post__read-more-wrapper\">\n\t\t\n\t\t<a class=\"elementor-post__read-more\" href=\"https:\/\/kanoyetan.es\/en\/una-historia-grafica-de-gastronomia-reinas-y-guisanderas-1900-2025\/\" aria-label=\"Read more about Ka\u00f1oyetan. Una historia gr\u00e1fica de gastronom\u00eda, reinas y guisanderas (1900-2025)\" tabindex=\"-1\" >\n\t\t\tLeer m\u00e1s \u00bb\t\t<\/a>\n\n\t\t\t\t\t<\/div>\n\t\t\t\t<\/div>\n\t\t\t\t<div class=\"elementor-post__meta-data\">\n\t\t\t\t\t<span class=\"elementor-post-date\">\n\t\t\tMarch 11, 2026\t\t<\/span>\n\t\t\t\t<span class=\"elementor-post-avatar\">\n\t\t\tNo Comments\t\t<\/span>\n\t\t\t\t<\/div>\n\t\t\t\t\t<\/div>\n\t\t<\/article>\n\t\t\t\t<\/div>\n\t\t\n\t\t\t\t\t\t<\/div>\n\t\t\t\t<\/div>\n\t\t\t\t<\/div>\n\t\t\t\t\t<\/div>\n\t\t\t\t<\/div>\n\t\t<div class=\"elementor-element elementor-element-4c5c0d9 e-flex e-con-boxed e-con e-parent\" data-id=\"4c5c0d9\" data-element_type=\"container\" data-e-type=\"container\" data-settings=\"{&quot;background_background&quot;:&quot;classic&quot;}\">\n\t\t\t\t\t<div class=\"e-con-inner\">\n\t\t\t\t<div class=\"elementor-element elementor-element-b497902 elementor-align-center elementor-invisible elementor-widget elementor-widget-button\" data-id=\"b497902\" data-element_type=\"widget\" data-e-type=\"widget\" data-settings=\"{&quot;_animation&quot;:&quot;slideInUp&quot;,&quot;_animation_delay&quot;:500}\" data-widget_type=\"button.default\">\n\t\t\t\t<div class=\"elementor-widget-container\">\n\t\t\t\t\t\t\t\t\t<div class=\"elementor-button-wrapper\">\n\t\t\t\t\t<a class=\"elementor-button elementor-button-link elementor-size-sm\" href=\"https:\/\/kanoyetan.es\/noticias\/\">\n\t\t\t\t\t\t<span class=\"elementor-button-content-wrapper\">\n\t\t\t\t\t\t\t\t\t<span class=\"elementor-button-text\">Todas las noticias<\/span>\n\t\t\t\t\t<\/span>\n\t\t\t\t\t<\/a>\n\t\t\t\t<\/div>\n\t\t\t\t\t\t\t\t<\/div>\n\t\t\t\t<\/div>\n\t\t\t\t\t<\/div>\n\t\t\t\t<\/div>\n\t\t\t\t<\/div>\n\t\t","protected":false},"excerpt":{"rendered":"<p>Sociedad gastron\u00f3mica desde 1900 Donostia &#8211; San Sebasti\u00e1n Sobre la sociedad Un tesoro en la Parte Vieja de San Sebasti\u00e1n Ka\u00f1oyetan, un verdadero tesoro en el coraz\u00f3n de la Parte [&hellip;]<\/p>\n","protected":false},"author":1,"featured_media":0,"parent":0,"menu_order":0,"comment_status":"closed","ping_status":"closed","template":"","meta":{"wprm-recipe-roundup-name":"","wprm-recipe-roundup-description":"","footnotes":""},"class_list":["post-2","page","type-page","status-publish","hentry"],"_links":{"self":[{"href":"https:\/\/kanoyetan.es\/en\/wp-json\/wp\/v2\/pages\/2","targetHints":{"allow":["GET"]}}],"collection":[{"href":"https:\/\/kanoyetan.es\/en\/wp-json\/wp\/v2\/pages"}],"about":[{"href":"https:\/\/kanoyetan.es\/en\/wp-json\/wp\/v2\/types\/page"}],"author":[{"embeddable":true,"href":"https:\/\/kanoyetan.es\/en\/wp-json\/wp\/v2\/users\/1"}],"replies":[{"embeddable":true,"href":"https:\/\/kanoyetan.es\/en\/wp-json\/wp\/v2\/comments?post=2"}],"version-history":[{"count":450,"href":"https:\/\/kanoyetan.es\/en\/wp-json\/wp\/v2\/pages\/2\/revisions"}],"predecessor-version":[{"id":2404,"href":"https:\/\/kanoyetan.es\/en\/wp-json\/wp\/v2\/pages\/2\/revisions\/2404"}],"wp:attachment":[{"href":"https:\/\/kanoyetan.es\/en\/wp-json\/wp\/v2\/media?parent=2"}],"curies":[{"name":"wp","href":"https:\/\/api.w.org\/{rel}","templated":true}]}}