{"id":1245,"date":"2024-09-04T10:07:36","date_gmt":"2024-09-04T10:07:36","guid":{"rendered":"https:\/\/kanoyetan.es\/?page_id=1245"},"modified":"2025-10-24T14:37:59","modified_gmt":"2025-10-24T14:37:59","slug":"recetas","status":"publish","type":"page","link":"https:\/\/kanoyetan.es\/en\/recetas\/","title":{"rendered":"Recepies"},"content":{"rendered":"<div data-elementor-type=\"wp-page\" data-elementor-id=\"1245\" class=\"elementor elementor-1245\" data-elementor-post-type=\"page\">\n\t\t\t\t<div class=\"elementor-element elementor-element-1a25a99 e-flex e-con-boxed e-con e-parent\" data-id=\"1a25a99\" data-element_type=\"container\" data-e-type=\"container\" data-settings=\"{&quot;background_background&quot;:&quot;slideshow&quot;,&quot;background_slideshow_gallery&quot;:[],&quot;background_slideshow_loop&quot;:&quot;yes&quot;,&quot;background_slideshow_slide_duration&quot;:5000,&quot;background_slideshow_slide_transition&quot;:&quot;fade&quot;,&quot;background_slideshow_transition_duration&quot;:500}\">\n\t\t\t\t\t<div class=\"e-con-inner\">\n\t\t\t\t\t<\/div>\n\t\t\t\t<\/div>\n\t\t<div class=\"elementor-element elementor-element-afb7a3f e-flex e-con-boxed e-con e-parent\" data-id=\"afb7a3f\" data-element_type=\"container\" data-e-type=\"container\">\n\t\t\t\t\t<div class=\"e-con-inner\">\n\t\t\t\t<div class=\"elementor-element elementor-element-104766b elementor-widget elementor-widget-heading\" data-id=\"104766b\" data-element_type=\"widget\" data-e-type=\"widget\" data-widget_type=\"heading.default\">\n\t\t\t\t<div class=\"elementor-widget-container\">\n\t\t\t\t\t<h2 class=\"elementor-heading-title elementor-size-default\">TYPICAL RECIPIES IN KA\u00d1OYETAN<\/h2>\t\t\t\t<\/div>\n\t\t\t\t<\/div>\n\t\t\t\t\t<\/div>\n\t\t\t\t<\/div>\n\t\t<div class=\"elementor-element elementor-element-bb718d9 e-con-full e-flex e-con e-parent\" data-id=\"bb718d9\" data-element_type=\"container\" data-e-type=\"container\">\n\t\t<div class=\"elementor-element elementor-element-e89f083 e-con-full e-flex e-con e-child\" data-id=\"e89f083\" data-element_type=\"container\" data-e-type=\"container\">\n\t\t\t\t<div class=\"elementor-element elementor-element-b69c7de elementor-widget elementor-widget-text-editor\" data-id=\"b69c7de\" data-element_type=\"widget\" data-e-type=\"widget\" data-widget_type=\"text-editor.default\">\n\t\t\t\t<div class=\"elementor-widget-container\">\n\t\t\t\t\t\t\t\t\t<p>Dentro del cap\u00edtulo de recetas de cocina, en el \u00e1mbito de la gastronom\u00eda tradicional, en la Sociedad Ka\u00f1oyetan Elkartea, no podr\u00edamos perdonarnos nunca si omiti\u00e9ramos el gran legado que nos dej\u00f3 nuestro presidente y socio, I\u00d1AKI AMILIBIA ACHUCARRO. Durante muchos a\u00f1os, fue un referente en nuestra cocina, transmitiendo su oficio a nuevas generaciones y compartiendo su pasi\u00f3n con todos nosotros.<\/p><p>Siempre comprometido con la excelencia, I\u00f1aki se esmeraba en conseguir las mejores materias primas para elaborar sus platos, logrando satisfacer los paladares de familiares, amigos y socios. Su carisma y generosidad lo convirtieron en una figura entra\u00f1able y muy popular, especialmente en la Parte Vieja donostiarra y en nuestras sociedades gastron\u00f3micas cercanas.<\/p><p>Hoy, gracias a sus hijos, su legado permanecer\u00e1 vivo. Sus recetas, escritas de su pu\u00f1o y letra, estar\u00e1n siempre con nosotros, organizadas alfab\u00e9ticamente para que podamos seguir disfrut\u00e1ndolas y recordando su arte en la cocina.<\/p><p>Un GRAN COCINERO de Sociedad, un maestro en los fogones, un amigo inolvidable.<\/p>\t\t\t\t\t\t\t\t<\/div>\n\t\t\t\t<\/div>\n\t\t\t\t<\/div>\n\t\t<div class=\"elementor-element elementor-element-23317b5 e-con-full e-flex e-con e-child\" data-id=\"23317b5\" data-element_type=\"container\" data-e-type=\"container\">\n\t\t\t\t<div class=\"elementor-element elementor-element-f6c03c9 elementor-grid-3 elementor-grid-tablet-2 elementor-grid-mobile-1 elementor-posts--thumbnail-top elementor-posts--show-avatar elementor-card-shadow-yes elementor-posts__hover-gradient elementor-widget elementor-widget-posts\" data-id=\"f6c03c9\" data-element_type=\"widget\" data-e-type=\"widget\" data-settings=\"{&quot;pagination_type&quot;:&quot;load_more_infinite_scroll&quot;,&quot;cards_columns&quot;:&quot;3&quot;,&quot;cards_columns_tablet&quot;:&quot;2&quot;,&quot;cards_columns_mobile&quot;:&quot;1&quot;,&quot;cards_row_gap&quot;:{&quot;unit&quot;:&quot;px&quot;,&quot;size&quot;:35,&quot;sizes&quot;:[]},&quot;cards_row_gap_tablet&quot;:{&quot;unit&quot;:&quot;px&quot;,&quot;size&quot;:&quot;&quot;,&quot;sizes&quot;:[]},&quot;cards_row_gap_mobile&quot;:{&quot;unit&quot;:&quot;px&quot;,&quot;size&quot;:&quot;&quot;,&quot;sizes&quot;:[]},&quot;load_more_spinner&quot;:{&quot;value&quot;:&quot;fas fa-spinner&quot;,&quot;library&quot;:&quot;fa-solid&quot;}}\" data-widget_type=\"posts.cards\">\n\t\t\t\t<div class=\"elementor-widget-container\">\n\t\t\t\t\t\t\t<div class=\"elementor-posts-container elementor-posts elementor-posts--skin-cards elementor-grid\" role=\"list\">\n\t\t\t\t<article class=\"elementor-post elementor-grid-item post-2471 post type-post status-publish format-standard has-post-thumbnail hentry category-recetas\" role=\"listitem\">\n\t\t\t<div class=\"elementor-post__card\">\n\t\t\t\t<a class=\"elementor-post__thumbnail__link\" href=\"https:\/\/kanoyetan.es\/en\/baccalao-al-pil-pil\/\" tabindex=\"-1\" ><div class=\"elementor-post__thumbnail\"><img fetchpriority=\"high\" decoding=\"async\" width=\"257\" height=\"300\" src=\"https:\/\/kanoyetan.es\/wp-content\/uploads\/2024\/09\/bacalao-al-pil-pil-257x300.jpg\" class=\"attachment-medium size-medium wp-image-1255\" alt=\"\" srcset=\"https:\/\/kanoyetan.es\/wp-content\/uploads\/2024\/09\/bacalao-al-pil-pil-257x300.jpg 257w, https:\/\/kanoyetan.es\/wp-content\/uploads\/2024\/09\/bacalao-al-pil-pil-878x1024.jpg 878w, https:\/\/kanoyetan.es\/wp-content\/uploads\/2024\/09\/bacalao-al-pil-pil-768x896.jpg 768w, https:\/\/kanoyetan.es\/wp-content\/uploads\/2024\/09\/bacalao-al-pil-pil.jpg 1080w\" sizes=\"(max-width: 257px) 100vw, 257px\" \/><\/div><\/a>\n\t\t\t\t<div class=\"elementor-post__badge\">Recepies<\/div>\n\t\t\t\t<div class=\"elementor-post__avatar\">\n\t\t\t\t\t<\/div>\n\t\t\t\t<div class=\"elementor-post__text\">\n\t\t\t\t<h3 class=\"elementor-post__title\">\n\t\t\t<a href=\"https:\/\/kanoyetan.es\/en\/baccalao-al-pil-pil\/\" >\n\t\t\t\tCod in pil-pil sauce\t\t\t<\/a>\n\t\t<\/h3>\n\t\t\t\t<div class=\"elementor-post__excerpt\">\n\t\t\t<p>An exquisite dish that's easy to cook and an explosion of flavor for the palate.<\/p>\n\t\t<\/div>\n\t\t\n\t\t<a class=\"elementor-post__read-more\" href=\"https:\/\/kanoyetan.es\/en\/baccalao-al-pil-pil\/\" aria-label=\"Read more about Bacalao al pil-pil\" tabindex=\"-1\" >\n\t\t\tVer receta \u00bb\t\t<\/a>\n\n\t\t\t\t<\/div>\n\t\t\t\t\t<\/div>\n\t\t<\/article>\n\t\t\t\t<article class=\"elementor-post elementor-grid-item post-2463 post type-post status-publish format-standard has-post-thumbnail hentry category-recetas\" role=\"listitem\">\n\t\t\t<div class=\"elementor-post__card\">\n\t\t\t\t<a class=\"elementor-post__thumbnail__link\" href=\"https:\/\/kanoyetan.es\/en\/merluza-en-salsa-verde-con-almejas\/\" tabindex=\"-1\" ><div class=\"elementor-post__thumbnail\"><img decoding=\"async\" width=\"225\" height=\"300\" src=\"https:\/\/kanoyetan.es\/wp-content\/uploads\/2024\/09\/51276865_10156900772092356_6072755165776052224_n-225x300.jpg\" class=\"attachment-medium size-medium wp-image-1240\" alt=\"\" srcset=\"https:\/\/kanoyetan.es\/wp-content\/uploads\/2024\/09\/51276865_10156900772092356_6072755165776052224_n-225x300.jpg 225w, https:\/\/kanoyetan.es\/wp-content\/uploads\/2024\/09\/51276865_10156900772092356_6072755165776052224_n.jpg 720w\" sizes=\"(max-width: 225px) 100vw, 225px\" \/><\/div><\/a>\n\t\t\t\t<div class=\"elementor-post__badge\">Recepies<\/div>\n\t\t\t\t<div class=\"elementor-post__avatar\">\n\t\t\t\t\t<\/div>\n\t\t\t\t<div class=\"elementor-post__text\">\n\t\t\t\t<h3 class=\"elementor-post__title\">\n\t\t\t<a href=\"https:\/\/kanoyetan.es\/en\/merluza-en-salsa-verde-con-almejas\/\" >\n\t\t\t\tHake in Green Sauce with Clams\t\t\t<\/a>\n\t\t<\/h3>\n\t\t\t\t<div class=\"elementor-post__excerpt\">\n\t\t\t<p>Hake in Green Sauce with Clams \u2013 A traditional dish from Basque cuisine.<\/p>\n\t\t<\/div>\n\t\t\n\t\t<a class=\"elementor-post__read-more\" href=\"https:\/\/kanoyetan.es\/en\/merluza-en-salsa-verde-con-almejas\/\" aria-label=\"Read more about Merluza en salsa verde con almejas\" tabindex=\"-1\" >\n\t\t\tVer receta \u00bb\t\t<\/a>\n\n\t\t\t\t<\/div>\n\t\t\t\t\t<\/div>\n\t\t<\/article>\n\t\t\t\t<article class=\"elementor-post elementor-grid-item post-2450 post type-post status-publish format-standard hentry category-recetas\" role=\"listitem\">\n\t\t\t<div class=\"elementor-post__card\">\n\t\t\t\t<div class=\"elementor-post__text\">\n\t\t\t\t<h3 class=\"elementor-post__title\">\n\t\t\t<a href=\"https:\/\/kanoyetan.es\/en\/txipis-en-su-tinta\/\" >\n\t\t\t\tTxipis en su tinta\t\t\t<\/a>\n\t\t<\/h3>\n\t\t\t\t<div class=\"elementor-post__excerpt\">\n\t\t\t<p>Cod in \"pilpil\"<\/p>\n\t\t<\/div>\n\t\t\n\t\t<a class=\"elementor-post__read-more\" href=\"https:\/\/kanoyetan.es\/en\/txipis-en-su-tinta\/\" aria-label=\"Read more about Txipis en su tinta\" tabindex=\"-1\" >\n\t\t\tVer receta \u00bb\t\t<\/a>\n\n\t\t\t\t<\/div>\n\t\t\t\t\t<\/div>\n\t\t<\/article>\n\t\t\t\t<article class=\"elementor-post elementor-grid-item post-2442 post type-post status-publish format-standard hentry category-recetas\" role=\"listitem\">\n\t\t\t<div class=\"elementor-post__card\">\n\t\t\t\t<div class=\"elementor-post__text\">\n\t\t\t\t<h3 class=\"elementor-post__title\">\n\t\t\t<a href=\"https:\/\/kanoyetan.es\/en\/aleta-rellena-de-trufa-y-champis\/\" >\n\t\t\t\tAleta rellena de trufa y champis\t\t\t<\/a>\n\t\t<\/h3>\n\t\t\t\t<div class=\"elementor-post__excerpt\">\n\t\t\t<p>Cod in \"pilpil\"<\/p>\n\t\t<\/div>\n\t\t\n\t\t<a class=\"elementor-post__read-more\" href=\"https:\/\/kanoyetan.es\/en\/aleta-rellena-de-trufa-y-champis\/\" aria-label=\"Read more about Aleta rellena de trufa y champis\" tabindex=\"-1\" >\n\t\t\tVer receta \u00bb\t\t<\/a>\n\n\t\t\t\t<\/div>\n\t\t\t\t\t<\/div>\n\t\t<\/article>\n\t\t\t\t<article class=\"elementor-post elementor-grid-item post-2418 post type-post status-publish format-standard hentry category-recetas\" role=\"listitem\">\n\t\t\t<div class=\"elementor-post__card\">\n\t\t\t\t<div class=\"elementor-post__text\">\n\t\t\t\t<h3 class=\"elementor-post__title\">\n\t\t\t<a href=\"https:\/\/kanoyetan.es\/en\/kokotxas-al-pil-pil\/\" >\n\t\t\t\tCod in \"pilpil\"\t\t\t<\/a>\n\t\t<\/h3>\n\t\t\t\t<div class=\"elementor-post__excerpt\">\n\t\t\t<p>Cod in \"pilpil\"<\/p>\n\t\t<\/div>\n\t\t\n\t\t<a class=\"elementor-post__read-more\" href=\"https:\/\/kanoyetan.es\/en\/kokotxas-al-pil-pil\/\" aria-label=\"Read more about Kokotxas al pil-pil\" tabindex=\"-1\" >\n\t\t\tVer receta \u00bb\t\t<\/a>\n\n\t\t\t\t<\/div>\n\t\t\t\t\t<\/div>\n\t\t<\/article>\n\t\t\t\t<\/div>\n\t\t\t\t\t<span class=\"e-load-more-spinner\">\n\t\t\t\t<svg aria-hidden=\"true\" class=\"e-font-icon-svg e-fas-spinner\" viewbox=\"0 0 512 512\" xmlns=\"http:\/\/www.w3.org\/2000\/svg\"><path d=\"M304 48c0 26.51-21.49 48-48 48s-48-21.49-48-48 21.49-48 48-48 48 21.49 48 48zm-48 368c-26.51 0-48 21.49-48 48s21.49 48 48 48 48-21.49 48-48-21.49-48-48-48zm208-208c-26.51 0-48 21.49-48 48s21.49 48 48 48 48-21.49 48-48-21.49-48-48-48zM96 256c0-26.51-21.49-48-48-48S0 229.49 0 256s21.49 48 48 48 48-21.49 48-48zm12.922 99.078c-26.51 0-48 21.49-48 48s21.49 48 48 48 48-21.49 48-48c0-26.509-21.491-48-48-48zm294.156 0c-26.51 0-48 21.49-48 48s21.49 48 48 48 48-21.49 48-48c0-26.509-21.49-48-48-48zM108.922 60.922c-26.51 0-48 21.49-48 48s21.49 48 48 48 48-21.49 48-48-21.491-48-48-48z\"><\/path><\/svg>\t\t\t<\/span>\n\t\t\n\t\t\t\t\t\t<\/div>\n\t\t\t\t<\/div>\n\t\t\t\t<\/div>\n\t\t\t\t<\/div>\n\t\t\t\t<\/div>","protected":false},"excerpt":{"rendered":"<p>RECETAS T\u00cdPICAS EN KA\u00d1OYETAN Dentro del cap\u00edtulo de recetas de cocina, en el \u00e1mbito de la gastronom\u00eda tradicional, en la Sociedad Ka\u00f1oyetan Elkartea, no podr\u00edamos perdonarnos nunca si omiti\u00e9ramos el [&hellip;]<\/p>\n","protected":false},"author":1,"featured_media":0,"parent":0,"menu_order":0,"comment_status":"closed","ping_status":"closed","template":"","meta":{"wprm-recipe-roundup-name":"","wprm-recipe-roundup-description":"","footnotes":""},"class_list":["post-1245","page","type-page","status-publish","hentry"],"_links":{"self":[{"href":"https:\/\/kanoyetan.es\/en\/wp-json\/wp\/v2\/pages\/1245","targetHints":{"allow":["GET"]}}],"collection":[{"href":"https:\/\/kanoyetan.es\/en\/wp-json\/wp\/v2\/pages"}],"about":[{"href":"https:\/\/kanoyetan.es\/en\/wp-json\/wp\/v2\/types\/page"}],"author":[{"embeddable":true,"href":"https:\/\/kanoyetan.es\/en\/wp-json\/wp\/v2\/users\/1"}],"replies":[{"embeddable":true,"href":"https:\/\/kanoyetan.es\/en\/wp-json\/wp\/v2\/comments?post=1245"}],"version-history":[{"count":124,"href":"https:\/\/kanoyetan.es\/en\/wp-json\/wp\/v2\/pages\/1245\/revisions"}],"predecessor-version":[{"id":2892,"href":"https:\/\/kanoyetan.es\/en\/wp-json\/wp\/v2\/pages\/1245\/revisions\/2892"}],"wp:attachment":[{"href":"https:\/\/kanoyetan.es\/en\/wp-json\/wp\/v2\/media?parent=1245"}],"curies":[{"name":"wp","href":"https:\/\/api.w.org\/{rel}","templated":true}]}}